{"id":5646,"date":"2023-12-03T17:20:09","date_gmt":"2023-12-03T16:20:09","guid":{"rendered":"https:\/\/bergische-nachhilfeschule.de\/benim-hesabim\/"},"modified":"2024-10-09T11:56:56","modified_gmt":"2024-10-09T09:56:56","slug":"benim-hesabim","status":"publish","type":"page","link":"https:\/\/bergische-nachhilfeschule.de\/tr\/benim-hesabim\/","title":{"rendered":"Benim hesab\u0131m"},"content":{"rendered":"\t\t<div data-elementor-type=\"wp-page\" data-elementor-id=\"5646\" class=\"elementor elementor-5646 elementor-372\" data-elementor-post-type=\"page\">\n\t\t\t\t<div class=\"elementor-element elementor-element-cc91331 e-flex e-con-boxed e-con e-parent\" data-id=\"cc91331\" data-element_type=\"container\" data-e-type=\"container\">\n\t\t\t\t\t<div class=\"e-con-inner\">\n\t\t\t\t<div class=\"elementor-element elementor-element-2430df4 e-my-account-tabs-vertical elementor-widget elementor-widget-woocommerce-my-account\" data-id=\"2430df4\" data-element_type=\"widget\" data-e-type=\"widget\" data-widget_type=\"woocommerce-my-account.default\">\n\t\t\t\t<div class=\"elementor-widget-container\">\n\t\t\t\t\t<div class=\"e-my-account-tab e-my-account-tab__ \">\t\t\t<div class=\"woocommerce\"><div class=\"woocommerce-notices-wrapper\"><\/div>\n\n\t\t<h2>Giri\u015f Yap<\/h2>\n\n\t\t<form class=\"woocommerce-form woocommerce-form-login login\" method=\"post\" novalidate>\n\n\t\t\t\n\t\t\t<p class=\"woocommerce-form-row woocommerce-form-row--wide form-row form-row-wide\">\n\t\t\t\t<label for=\"username\">Kullan\u0131c\u0131 ad\u0131 veya e-posta adresi&nbsp;<span class=\"required\" aria-hidden=\"true\">*<\/span><span class=\"screen-reader-text\">Gerekli<\/span><\/label>\n\t\t\t\t<input type=\"text\" class=\"woocommerce-Input woocommerce-Input--text input-text\" name=\"username\" id=\"username\" autocomplete=\"username\" value=\"\" required aria-required=\"true\" \/>\t\t\t<\/p>\n\t\t\t<p class=\"woocommerce-form-row woocommerce-form-row--wide form-row form-row-wide\">\n\t\t\t\t<label for=\"password\">Parola&nbsp;<span class=\"required\" aria-hidden=\"true\">*<\/span><span class=\"screen-reader-text\">Gerekli<\/span><\/label>\n\t\t\t\t<input class=\"woocommerce-Input woocommerce-Input--text input-text\" type=\"password\" name=\"password\" id=\"password\" autocomplete=\"current-password\" required aria-required=\"true\" \/>\n\t\t\t<\/p>\n\n\t\t\t\n\t\t\t<p class=\"form-row\">\n\t\t\t\t<label class=\"woocommerce-form__label woocommerce-form__label-for-checkbox woocommerce-form-login__rememberme\">\n\t\t\t\t\t<input class=\"woocommerce-form__input woocommerce-form__input-checkbox\" name=\"rememberme\" type=\"checkbox\" id=\"rememberme\" value=\"forever\" \/> <span>Beni hat\u0131rla<\/span>\n\t\t\t\t<\/label>\n\t\t\t\t<input type=\"hidden\" id=\"woocommerce-login-nonce\" name=\"woocommerce-login-nonce\" value=\"eee823e31a\" \/><input type=\"hidden\" name=\"_wp_http_referer\" value=\"\/tr\/wp-json\/wp\/v2\/pages\/5646\" \/>\t\t\t\t<button type=\"submit\" class=\"woocommerce-button button woocommerce-form-login__submit\" name=\"login\" value=\"Giri\u015f Yap\">Giri\u015f Yap<\/button>\n\t\t\t<\/p>\n\t\t\t<p class=\"woocommerce-LostPassword lost_password\">\n\t\t\t\t<a href=\"https:\/\/bergische-nachhilfeschule.de\/tr\/benim-hesabim\/lost-password\/\">Parolan\u0131z\u0131 m\u0131 unuttunuz?<\/a>\n\t\t\t<\/p>\n\n\t\t\t\n\t\t<\/form>\n\n\n<\/div>\t\t<\/div>\n\t\t\t\t\t\t<\/div>\n\t\t\t\t<\/div>\n\t\t\t\t\t<\/div>\n\t\t\t\t<\/div>\n\t\t\t\t<\/div>\n\t\t","protected":false},"excerpt":{"rendered":"<p>G\u00f6sterge Tablosu Sipari\u015fler Fatura adresi Zahlungsmethoden Hesap bilgileri Stundenverwaltung Oturumu kapat Hallo kreativkonnekt-admin (nicht kreativkonnekt-admin? Abmelden) In deiner Konto-\u00dcbersicht kannst du deine letzten Bestellungen ansehen, deine Liefer- und Rechnungsadresse verwalten und dein Passwort und die Kontodetails bearbeiten.<\/p>\n","protected":false},"author":152,"featured_media":0,"parent":0,"menu_order":0,"comment_status":"closed","ping_status":"closed","template":"","meta":{"_acf_changed":false,"footnotes":""},"class_list":["post-5646","page","type-page","status-publish","hentry"],"acf":[],"yoast_head":"<!-- This site is optimized with the Yoast SEO Premium plugin v25.9 (Yoast SEO v25.9) - https:\/\/yoast.com\/wordpress\/plugins\/seo\/ -->\n<title>Benim hesab\u0131m - Bergische Nachhilfeschule<\/title>\n<meta name=\"robots\" content=\"index, follow, max-snippet:-1, max-image-preview:large, max-video-preview:-1\" \/>\n<link rel=\"canonical\" href=\"https:\/\/bergische-nachhilfeschule.de\/tr\/benim-hesabim\/\" \/>\n<meta property=\"og:locale\" content=\"tr_TR\" \/>\n<meta property=\"og:type\" content=\"article\" \/>\n<meta property=\"og:title\" content=\"Benim hesab\u0131m\" \/>\n<meta property=\"og:description\" content=\"G\u00f6sterge Tablosu Sipari\u015fler Fatura adresi Zahlungsmethoden Hesap bilgileri Stundenverwaltung Oturumu kapat Hallo kreativkonnekt-admin (nicht kreativkonnekt-admin? Abmelden) In deiner Konto-\u00dcbersicht kannst du deine letzten Bestellungen ansehen, deine Liefer- und Rechnungsadresse verwalten und dein Passwort und die Kontodetails bearbeiten.\" \/>\n<meta property=\"og:url\" content=\"https:\/\/bergische-nachhilfeschule.de\/tr\/benim-hesabim\/\" \/>\n<meta property=\"og:site_name\" content=\"Bergische Nachhilfeschule\" \/>\n<meta property=\"article:modified_time\" content=\"2024-10-09T09:56:56+00:00\" \/>\n<meta name=\"twitter:card\" content=\"summary_large_image\" \/>\n<script type=\"application\/ld+json\" class=\"yoast-schema-graph\">{\"@context\":\"https:\/\/schema.org\",\"@graph\":[{\"@type\":\"WebPage\",\"@id\":\"https:\/\/bergische-nachhilfeschule.de\/tr\/benim-hesabim\/\",\"url\":\"https:\/\/bergische-nachhilfeschule.de\/tr\/benim-hesabim\/\",\"name\":\"Benim hesab\u0131m - Bergische Nachhilfeschule\",\"isPartOf\":{\"@id\":\"https:\/\/bergische-nachhilfeschule.de\/tr\/#website\"},\"datePublished\":\"2023-12-03T16:20:09+00:00\",\"dateModified\":\"2024-10-09T09:56:56+00:00\",\"breadcrumb\":{\"@id\":\"https:\/\/bergische-nachhilfeschule.de\/tr\/benim-hesabim\/#breadcrumb\"},\"inLanguage\":\"tr\",\"potentialAction\":[{\"@type\":\"ReadAction\",\"target\":[\"https:\/\/bergische-nachhilfeschule.de\/tr\/benim-hesabim\/\"]}]},{\"@type\":\"BreadcrumbList\",\"@id\":\"https:\/\/bergische-nachhilfeschule.de\/tr\/benim-hesabim\/#breadcrumb\",\"itemListElement\":[{\"@type\":\"ListItem\",\"position\":1,\"name\":\"Startseite\",\"item\":\"https:\/\/bergische-nachhilfeschule.de\/tr\/\"},{\"@type\":\"ListItem\",\"position\":2,\"name\":\"Benim hesab\u0131m\"}]},{\"@type\":\"WebSite\",\"@id\":\"https:\/\/bergische-nachhilfeschule.de\/tr\/#website\",\"url\":\"https:\/\/bergische-nachhilfeschule.de\/tr\/\",\"name\":\"Bergische Nachhilfeschule\",\"description\":\"\",\"publisher\":{\"@id\":\"https:\/\/bergische-nachhilfeschule.de\/tr\/#organization\"},\"potentialAction\":[{\"@type\":\"SearchAction\",\"target\":{\"@type\":\"EntryPoint\",\"urlTemplate\":\"https:\/\/bergische-nachhilfeschule.de\/tr\/?s={search_term_string}\"},\"query-input\":{\"@type\":\"PropertyValueSpecification\",\"valueRequired\":true,\"valueName\":\"search_term_string\"}}],\"inLanguage\":\"tr\"},{\"@type\":\"Organization\",\"@id\":\"https:\/\/bergische-nachhilfeschule.de\/tr\/#organization\",\"name\":\"Bergische Nachhilfeschule\",\"url\":\"https:\/\/bergische-nachhilfeschule.de\/tr\/\",\"logo\":{\"@type\":\"ImageObject\",\"inLanguage\":\"tr\",\"@id\":\"https:\/\/bergische-nachhilfeschule.de\/tr\/#\/schema\/logo\/image\/\",\"url\":\"https:\/\/bergische-nachhilfeschule.de\/wp-content\/uploads\/2024\/07\/BN_Favicon.svg\",\"contentUrl\":\"https:\/\/bergische-nachhilfeschule.de\/wp-content\/uploads\/2024\/07\/BN_Favicon.svg\",\"width\":512,\"height\":512,\"caption\":\"Bergische Nachhilfeschule\"},\"image\":{\"@id\":\"https:\/\/bergische-nachhilfeschule.de\/tr\/#\/schema\/logo\/image\/\"}}]}<\/script>\n<!-- \/ Yoast SEO Premium plugin. -->","yoast_head_json":{"title":"Benim hesab\u0131m - Bergische Nachhilfeschule","robots":{"index":"index","follow":"follow","max-snippet":"max-snippet:-1","max-image-preview":"max-image-preview:large","max-video-preview":"max-video-preview:-1"},"canonical":"https:\/\/bergische-nachhilfeschule.de\/tr\/benim-hesabim\/","og_locale":"tr_TR","og_type":"article","og_title":"Benim hesab\u0131m","og_description":"G\u00f6sterge Tablosu Sipari\u015fler Fatura adresi Zahlungsmethoden Hesap bilgileri Stundenverwaltung Oturumu kapat Hallo kreativkonnekt-admin (nicht kreativkonnekt-admin? Abmelden) In deiner Konto-\u00dcbersicht kannst du deine letzten Bestellungen ansehen, deine Liefer- und Rechnungsadresse verwalten und dein Passwort und die Kontodetails bearbeiten.","og_url":"https:\/\/bergische-nachhilfeschule.de\/tr\/benim-hesabim\/","og_site_name":"Bergische Nachhilfeschule","article_modified_time":"2024-10-09T09:56:56+00:00","twitter_card":"summary_large_image","schema":{"@context":"https:\/\/schema.org","@graph":[{"@type":"WebPage","@id":"https:\/\/bergische-nachhilfeschule.de\/tr\/benim-hesabim\/","url":"https:\/\/bergische-nachhilfeschule.de\/tr\/benim-hesabim\/","name":"Benim hesab\u0131m - Bergische Nachhilfeschule","isPartOf":{"@id":"https:\/\/bergische-nachhilfeschule.de\/tr\/#website"},"datePublished":"2023-12-03T16:20:09+00:00","dateModified":"2024-10-09T09:56:56+00:00","breadcrumb":{"@id":"https:\/\/bergische-nachhilfeschule.de\/tr\/benim-hesabim\/#breadcrumb"},"inLanguage":"tr","potentialAction":[{"@type":"ReadAction","target":["https:\/\/bergische-nachhilfeschule.de\/tr\/benim-hesabim\/"]}]},{"@type":"BreadcrumbList","@id":"https:\/\/bergische-nachhilfeschule.de\/tr\/benim-hesabim\/#breadcrumb","itemListElement":[{"@type":"ListItem","position":1,"name":"Startseite","item":"https:\/\/bergische-nachhilfeschule.de\/tr\/"},{"@type":"ListItem","position":2,"name":"Benim hesab\u0131m"}]},{"@type":"WebSite","@id":"https:\/\/bergische-nachhilfeschule.de\/tr\/#website","url":"https:\/\/bergische-nachhilfeschule.de\/tr\/","name":"Bergische Nachhilfeschule","description":"","publisher":{"@id":"https:\/\/bergische-nachhilfeschule.de\/tr\/#organization"},"potentialAction":[{"@type":"SearchAction","target":{"@type":"EntryPoint","urlTemplate":"https:\/\/bergische-nachhilfeschule.de\/tr\/?s={search_term_string}"},"query-input":{"@type":"PropertyValueSpecification","valueRequired":true,"valueName":"search_term_string"}}],"inLanguage":"tr"},{"@type":"Organization","@id":"https:\/\/bergische-nachhilfeschule.de\/tr\/#organization","name":"Bergische Nachhilfeschule","url":"https:\/\/bergische-nachhilfeschule.de\/tr\/","logo":{"@type":"ImageObject","inLanguage":"tr","@id":"https:\/\/bergische-nachhilfeschule.de\/tr\/#\/schema\/logo\/image\/","url":"https:\/\/bergische-nachhilfeschule.de\/wp-content\/uploads\/2024\/07\/BN_Favicon.svg","contentUrl":"https:\/\/bergische-nachhilfeschule.de\/wp-content\/uploads\/2024\/07\/BN_Favicon.svg","width":512,"height":512,"caption":"Bergische Nachhilfeschule"},"image":{"@id":"https:\/\/bergische-nachhilfeschule.de\/tr\/#\/schema\/logo\/image\/"}}]}},"_links":{"self":[{"href":"https:\/\/bergische-nachhilfeschule.de\/tr\/wp-json\/wp\/v2\/pages\/5646","targetHints":{"allow":["GET"]}}],"collection":[{"href":"https:\/\/bergische-nachhilfeschule.de\/tr\/wp-json\/wp\/v2\/pages"}],"about":[{"href":"https:\/\/bergische-nachhilfeschule.de\/tr\/wp-json\/wp\/v2\/types\/page"}],"author":[{"embeddable":true,"href":"https:\/\/bergische-nachhilfeschule.de\/tr\/wp-json\/wp\/v2\/users\/152"}],"replies":[{"embeddable":true,"href":"https:\/\/bergische-nachhilfeschule.de\/tr\/wp-json\/wp\/v2\/comments?post=5646"}],"version-history":[{"count":1,"href":"https:\/\/bergische-nachhilfeschule.de\/tr\/wp-json\/wp\/v2\/pages\/5646\/revisions"}],"predecessor-version":[{"id":5648,"href":"https:\/\/bergische-nachhilfeschule.de\/tr\/wp-json\/wp\/v2\/pages\/5646\/revisions\/5648"}],"wp:attachment":[{"href":"https:\/\/bergische-nachhilfeschule.de\/tr\/wp-json\/wp\/v2\/media?parent=5646"}],"curies":[{"name":"wp","href":"https:\/\/api.w.org\/{rel}","templated":true}]}}