{"id":5340,"date":"2024-01-03T11:34:01","date_gmt":"2024-01-03T10:34:01","guid":{"rendered":"https:\/\/bergische-nachhilfeschule.de\/oegretmenlerimiz\/"},"modified":"2024-10-08T17:52:08","modified_gmt":"2024-10-08T15:52:08","slug":"oegretmenlerimiz","status":"publish","type":"page","link":"https:\/\/bergische-nachhilfeschule.de\/tr\/oegretmenlerimiz\/","title":{"rendered":"\u00d6\u011fretmenlerimiz"},"content":{"rendered":"\t\t<div data-elementor-type=\"wp-page\" data-elementor-id=\"5340\" class=\"elementor elementor-5340 elementor-1249\" data-elementor-post-type=\"page\">\n\t\t\t\t<div class=\"elementor-element elementor-element-b613e3c elementor-hidden-desktop elementor-hidden-tablet e-flex e-con-boxed e-con e-parent\" data-id=\"b613e3c\" data-element_type=\"container\" data-e-type=\"container\">\n\t\t\t\t\t<div class=\"e-con-inner\">\n\t\t\t\t<div class=\"elementor-element elementor-element-77b1e2b elementor-widget elementor-widget-image\" data-id=\"77b1e2b\" data-element_type=\"widget\" data-e-type=\"widget\" data-widget_type=\"image.default\">\n\t\t\t\t<div class=\"elementor-widget-container\">\n\t\t\t\t\t\t\t\t\t\t\t\t\t\t\t<img decoding=\"async\" width=\"1\" height=\"1\" src=\"https:\/\/bergische-nachhilfeschule.de\/wp-content\/uploads\/2023\/12\/online-education-and-self-study-and-homeschooling-2022-06-28-23-44-23-utc-scaled.webp\" class=\"attachment-large size-large wp-image-941\" alt=\"\" \/>\t\t\t\t\t\t\t\t\t\t\t\t\t\t\t<\/div>\n\t\t\t\t<\/div>\n\t\t\t\t\t<\/div>\n\t\t\t\t<\/div>\n\t\t<div class=\"elementor-element elementor-element-d8773e0 e-flex e-con-boxed e-con e-parent\" data-id=\"d8773e0\" data-element_type=\"container\" data-e-type=\"container\" data-settings=\"{&quot;background_background&quot;:&quot;classic&quot;}\">\n\t\t\t\t\t<div class=\"e-con-inner\">\n\t\t<div class=\"elementor-element elementor-element-5de5d1b e-con-full e-flex e-con e-child\" data-id=\"5de5d1b\" data-element_type=\"container\" data-e-type=\"container\">\n\t\t\t\t<div class=\"elementor-element elementor-element-112fd32 elementor-widget__width-auto elementor-widget elementor-widget-text-editor\" data-id=\"112fd32\" data-element_type=\"widget\" data-e-type=\"widget\" data-widget_type=\"text-editor.default\">\n\t\t\t\t<div class=\"elementor-widget-container\">\n\t\t\t\t\t\t\t\t\t<p>Tutkuyla \u00f6\u011frenmek<\/p>\n\t\t\t\t\t\t\t\t<\/div>\n\t\t\t\t<\/div>\n\t\t\t\t<div class=\"elementor-element elementor-element-cd12b5c elementor-widget elementor-widget-heading\" data-id=\"cd12b5c\" data-element_type=\"widget\" data-e-type=\"widget\" data-widget_type=\"heading.default\">\n\t\t\t\t<div class=\"elementor-widget-container\">\n\t\t\t\t\t<h1 class=\"elementor-heading-title elementor-size-default\">\u00d6\u011fretmenlerimiz<\/h1>\t\t\t\t<\/div>\n\t\t\t\t<\/div>\n\t\t\t\t<div class=\"elementor-element elementor-element-7d5b654 elementor-widget elementor-widget-text-editor\" data-id=\"7d5b654\" data-element_type=\"widget\" data-e-type=\"widget\" data-widget_type=\"text-editor.default\">\n\t\t\t\t<div class=\"elementor-widget-container\">\n\t\t\t\t\t\t\t\t\t<p>\u00d6\u011frencilerimizin ba\u015far\u0131l\u0131 olmalar\u0131na yard\u0131mc\u0131 olan \u00f6zverili ve yetkin \u00f6\u011fretmenlerden olu\u015fan ekibimizi tan\u0131y\u0131n.<\/p>\n\t\t\t\t\t\t\t\t<\/div>\n\t\t\t\t<\/div>\n\t\t\t\t<\/div>\n\t\t\t\t\t<\/div>\n\t\t\t\t<\/div>\n\t\t<div class=\"elementor-element elementor-element-5a48210 e-flex e-con-boxed e-con e-parent\" data-id=\"5a48210\" data-element_type=\"container\" data-e-type=\"container\">\n\t\t\t\t\t<div class=\"e-con-inner\">\n\t\t<div class=\"elementor-element elementor-element-1bcfd0b e-con-full e-flex e-con e-child\" data-id=\"1bcfd0b\" data-element_type=\"container\" data-e-type=\"container\">\n\t\t\t\t<div class=\"elementor-element elementor-element-106ad42 elementor-widget__width-auto elementor-hidden-mobile elementor-widget elementor-widget-text-editor\" data-id=\"106ad42\" data-element_type=\"widget\" data-e-type=\"widget\" data-widget_type=\"text-editor.default\">\n\t\t\t\t<div class=\"elementor-widget-container\">\n\t\t\t\t\t\t\t\t\t<div>Artan e\u011fitim<\/div>\n\t\t\t\t\t\t\t\t<\/div>\n\t\t\t\t<\/div>\n\t\t<div class=\"elementor-element elementor-element-424a1e9 e-con-full e-flex e-con e-child\" data-id=\"424a1e9\" data-element_type=\"container\" data-e-type=\"container\">\n\t\t\t\t<div class=\"elementor-element elementor-element-74b9a16 elementor-widget elementor-widget-heading\" data-id=\"74b9a16\" data-element_type=\"widget\" data-e-type=\"widget\" data-widget_type=\"heading.default\">\n\t\t\t\t<div class=\"elementor-widget-container\">\n\t\t\t\t\t<h2 class=\"elementor-heading-title elementor-size-default\">Sizin i\u00e7in m\u00fckemmel \u00f6\u011fretmeni bulun<\/h2>\t\t\t\t<\/div>\n\t\t\t\t<\/div>\n\t\t\t\t<div class=\"elementor-element elementor-element-51c583e elementor-widget__width-inherit elementor-widget elementor-widget-text-editor\" data-id=\"51c583e\" data-element_type=\"widget\" data-e-type=\"widget\" data-widget_type=\"text-editor.default\">\n\t\t\t\t<div class=\"elementor-widget-container\">\n\t\t\t\t\t\t\t\t\t<div>E\u011fitim sistemini iyile\u015ftirmek isteyen tutkulu e\u011fitim uzmanlar\u0131<\/div>\n\t\t\t\t\t\t\t\t<\/div>\n\t\t\t\t<\/div>\n\t\t\t\t<\/div>\n\t\t\t\t<\/div>\n\t\t<div class=\"elementor-element elementor-element-9fe9aa5 e-con-full e-flex e-con e-child\" data-id=\"9fe9aa5\" data-element_type=\"container\" data-e-type=\"container\">\n\t\t\t\t<div class=\"elementor-element elementor-element-05fa480 elementor-widget elementor-widget-kk-lehrkraefte-grid\" data-id=\"05fa480\" data-element_type=\"widget\" data-e-type=\"widget\" data-widget_type=\"kk-lehrkraefte-grid.default\">\n\t\t\t\t<div class=\"elementor-widget-container\">\n\t\t\t\t\t        <div id=\"kk-lehrkraefte-grid-05fa480\" class=\"kk-lehrkraefte-grid\" data-post-id=\"5340\">\r\n                            <div class=\"kk-lehrkraefte-grid__lehrkraft\">\r\n                    <img decoding=\"async\" class=\"kk-lehrkraefte-grid__lehrkraftImage\" src=\"https:\/\/bergische-nachhilfeschule.de\/wp-content\/uploads\/2024\/05\/Stefan-Koehler_compressed.jpg\" \/>\r\n                    <div class=\"kk-lehrkraefte-grid__lehrkraftName\">Stefan K\u00f6hler<\/div>\r\n                    <div class=\"kk-lehrkraefte-grid__lehrkraftSubjects\">Philosophie, Sozialkunde<\/div>\r\n                <\/div>\r\n                            <div class=\"kk-lehrkraefte-grid__lehrkraft\">\r\n                    <img decoding=\"async\" class=\"kk-lehrkraefte-grid__lehrkraftImage\" src=\"https:\/\/bergische-nachhilfeschule.de\/wp-content\/uploads\/2024\/05\/Claudia-Fischer_compressed.jpg\" \/>\r\n                    <div class=\"kk-lehrkraefte-grid__lehrkraftName\">Claudia Fischer<\/div>\r\n                    <div class=\"kk-lehrkraefte-grid__lehrkraftSubjects\">Musik, Musiktheorie<\/div>\r\n                <\/div>\r\n                            <div class=\"kk-lehrkraefte-grid__lehrkraft\">\r\n                    <img decoding=\"async\" class=\"kk-lehrkraefte-grid__lehrkraftImage\" src=\"https:\/\/bergische-nachhilfeschule.de\/wp-content\/uploads\/2024\/05\/Michael-Wolf_compressed.jpg\" \/>\r\n                    <div class=\"kk-lehrkraefte-grid__lehrkraftName\">Michael Wolf<\/div>\r\n                    <div class=\"kk-lehrkraefte-grid__lehrkraftSubjects\">Kunst, Kunstgeschichte<\/div>\r\n                <\/div>\r\n                            <div class=\"kk-lehrkraefte-grid__lehrkraft\">\r\n                    <img decoding=\"async\" class=\"kk-lehrkraefte-grid__lehrkraftImage\" src=\"https:\/\/bergische-nachhilfeschule.de\/wp-content\/uploads\/2024\/05\/Dr-Annette-Richter_compressed.jpg\" \/>\r\n                    <div class=\"kk-lehrkraefte-grid__lehrkraftName\">Dr. Annette Richter<\/div>\r\n                    <div class=\"kk-lehrkraefte-grid__lehrkraftSubjects\">Biologie, Umweltwissenschaften<\/div>\r\n                <\/div>\r\n                            <div class=\"kk-lehrkraefte-grid__lehrkraft\">\r\n                    <img decoding=\"async\" class=\"kk-lehrkraefte-grid__lehrkraftImage\" src=\"https:\/\/bergische-nachhilfeschule.de\/wp-content\/uploads\/2024\/05\/Tom-Neumann_compressed.jpg\" \/>\r\n                    <div class=\"kk-lehrkraefte-grid__lehrkraftName\">Tom Neumann<\/div>\r\n                    <div class=\"kk-lehrkraefte-grid__lehrkraftSubjects\">Englisch, Spanisch<\/div>\r\n                <\/div>\r\n                            <div class=\"kk-lehrkraefte-grid__lehrkraft\">\r\n                    <img decoding=\"async\" class=\"kk-lehrkraefte-grid__lehrkraftImage\" src=\"https:\/\/bergische-nachhilfeschule.de\/wp-content\/uploads\/2024\/05\/Sarah-Lange_compressed.jpg\" \/>\r\n                    <div class=\"kk-lehrkraefte-grid__lehrkraftName\">Sarah Lange<\/div>\r\n                    <div class=\"kk-lehrkraefte-grid__lehrkraftSubjects\">Deutsch, Geschichte<\/div>\r\n                <\/div>\r\n                            <div class=\"kk-lehrkraefte-grid__lehrkraft\">\r\n                    <img decoding=\"async\" class=\"kk-lehrkraefte-grid__lehrkraftImage\" src=\"https:\/\/bergische-nachhilfeschule.de\/wp-content\/uploads\/2024\/05\/Markus-Schmitt_compressed.jpg\" \/>\r\n                    <div class=\"kk-lehrkraefte-grid__lehrkraftName\">Markus Schmitt<\/div>\r\n                    <div class=\"kk-lehrkraefte-grid__lehrkraftSubjects\">Physik, Chemie<\/div>\r\n                <\/div>\r\n                            <div class=\"kk-lehrkraefte-grid__lehrkraft\">\r\n                    <img decoding=\"async\" class=\"kk-lehrkraefte-grid__lehrkraftImage\" src=\"https:\/\/bergische-nachhilfeschule.de\/wp-content\/uploads\/2024\/05\/Julia-Becker_compressed-1.jpg\" \/>\r\n                    <div class=\"kk-lehrkraefte-grid__lehrkraftName\">Dr. Julia Becker<\/div>\r\n                    <div class=\"kk-lehrkraefte-grid__lehrkraftSubjects\">Mathematik, Informatik<\/div>\r\n                <\/div>\r\n                    <\/div>\r\n\t\t\t\t<\/div>\n\t\t\t\t<\/div>\n\t\t\t\t<\/div>\n\t\t\t\t\t<\/div>\n\t\t\t\t<\/div>\n\t\t\t\t<\/div>\n\t\t","protected":false},"excerpt":{"rendered":"<p>Tutkuyla \u00f6\u011frenmek \u00d6\u011fretmenlerimiz \u00d6\u011frencilerimizin ba\u015far\u0131l\u0131 olmalar\u0131na yard\u0131mc\u0131 olan \u00f6zverili ve yetkin \u00f6\u011fretmenlerden olu\u015fan ekibimizi tan\u0131y\u0131n. Artan e\u011fitim Sizin i\u00e7in m\u00fckemmel \u00f6\u011fretmeni bulun E\u011fitim sistemini iyile\u015ftirmek isteyen tutkulu e\u011fitim uzmanlar\u0131 Stefan K\u00f6hler Philosophie, Sozialkunde Claudia Fischer Musik, Musiktheorie Michael Wolf Kunst, Kunstgeschichte Dr. Annette Richter Biologie, Umweltwissenschaften Tom Neumann Englisch, Spanisch Sarah Lange Deutsch, Geschichte Markus [&hellip;]<\/p>\n","protected":false},"author":152,"featured_media":0,"parent":0,"menu_order":0,"comment_status":"closed","ping_status":"closed","template":"","meta":{"_acf_changed":false,"footnotes":""},"class_list":["post-5340","page","type-page","status-publish","hentry"],"acf":[],"yoast_head":"<!-- This site is optimized with the Yoast SEO Premium plugin v25.9 (Yoast SEO v25.9) - https:\/\/yoast.com\/wordpress\/plugins\/seo\/ -->\n<title>\u00d6\u011fretmenlerimiz - Bergische Nachhilfeschule<\/title>\n<meta name=\"robots\" content=\"index, follow, max-snippet:-1, max-image-preview:large, max-video-preview:-1\" \/>\n<link rel=\"canonical\" href=\"https:\/\/bergische-nachhilfeschule.de\/tr\/oegretmenlerimiz\/\" \/>\n<meta property=\"og:locale\" content=\"tr_TR\" \/>\n<meta property=\"og:type\" content=\"article\" \/>\n<meta property=\"og:title\" content=\"\u00d6\u011fretmenlerimiz\" \/>\n<meta property=\"og:description\" content=\"Tutkuyla \u00f6\u011frenmek \u00d6\u011fretmenlerimiz \u00d6\u011frencilerimizin ba\u015far\u0131l\u0131 olmalar\u0131na yard\u0131mc\u0131 olan \u00f6zverili ve yetkin \u00f6\u011fretmenlerden olu\u015fan ekibimizi tan\u0131y\u0131n. Artan e\u011fitim Sizin i\u00e7in m\u00fckemmel \u00f6\u011fretmeni bulun E\u011fitim sistemini iyile\u015ftirmek isteyen tutkulu e\u011fitim uzmanlar\u0131 Stefan K\u00f6hler Philosophie, Sozialkunde Claudia Fischer Musik, Musiktheorie Michael Wolf Kunst, Kunstgeschichte Dr. Annette Richter Biologie, Umweltwissenschaften Tom Neumann Englisch, Spanisch Sarah Lange Deutsch, Geschichte Markus [&hellip;]\" \/>\n<meta property=\"og:url\" content=\"https:\/\/bergische-nachhilfeschule.de\/tr\/oegretmenlerimiz\/\" \/>\n<meta property=\"og:site_name\" content=\"Bergische Nachhilfeschule\" \/>\n<meta property=\"article:modified_time\" content=\"2024-10-08T15:52:08+00:00\" \/>\n<meta property=\"og:image\" content=\"https:\/\/bergische-nachhilfeschule.de\/wp-content\/uploads\/2023\/12\/online-education-and-self-study-and-homeschooling-2022-06-28-23-44-23-utc-scaled.webp\" \/>\n<meta name=\"twitter:card\" content=\"summary_large_image\" \/>\n<script type=\"application\/ld+json\" class=\"yoast-schema-graph\">{\"@context\":\"https:\/\/schema.org\",\"@graph\":[{\"@type\":\"WebPage\",\"@id\":\"https:\/\/bergische-nachhilfeschule.de\/tr\/oegretmenlerimiz\/\",\"url\":\"https:\/\/bergische-nachhilfeschule.de\/tr\/oegretmenlerimiz\/\",\"name\":\"\u00d6\u011fretmenlerimiz - Bergische Nachhilfeschule\",\"isPartOf\":{\"@id\":\"https:\/\/bergische-nachhilfeschule.de\/tr\/#website\"},\"primaryImageOfPage\":{\"@id\":\"https:\/\/bergische-nachhilfeschule.de\/tr\/oegretmenlerimiz\/#primaryimage\"},\"image\":{\"@id\":\"https:\/\/bergische-nachhilfeschule.de\/tr\/oegretmenlerimiz\/#primaryimage\"},\"thumbnailUrl\":\"https:\/\/bergische-nachhilfeschule.de\/wp-content\/uploads\/2023\/12\/online-education-and-self-study-and-homeschooling-2022-06-28-23-44-23-utc-scaled.webp\",\"datePublished\":\"2024-01-03T10:34:01+00:00\",\"dateModified\":\"2024-10-08T15:52:08+00:00\",\"breadcrumb\":{\"@id\":\"https:\/\/bergische-nachhilfeschule.de\/tr\/oegretmenlerimiz\/#breadcrumb\"},\"inLanguage\":\"tr\",\"potentialAction\":[{\"@type\":\"ReadAction\",\"target\":[\"https:\/\/bergische-nachhilfeschule.de\/tr\/oegretmenlerimiz\/\"]}]},{\"@type\":\"ImageObject\",\"inLanguage\":\"tr\",\"@id\":\"https:\/\/bergische-nachhilfeschule.de\/tr\/oegretmenlerimiz\/#primaryimage\",\"url\":\"https:\/\/bergische-nachhilfeschule.de\/wp-content\/uploads\/2023\/12\/online-education-and-self-study-and-homeschooling-2022-06-28-23-44-23-utc-scaled.webp\",\"contentUrl\":\"https:\/\/bergische-nachhilfeschule.de\/wp-content\/uploads\/2023\/12\/online-education-and-self-study-and-homeschooling-2022-06-28-23-44-23-utc-scaled.webp\"},{\"@type\":\"BreadcrumbList\",\"@id\":\"https:\/\/bergische-nachhilfeschule.de\/tr\/oegretmenlerimiz\/#breadcrumb\",\"itemListElement\":[{\"@type\":\"ListItem\",\"position\":1,\"name\":\"Startseite\",\"item\":\"https:\/\/bergische-nachhilfeschule.de\/tr\/\"},{\"@type\":\"ListItem\",\"position\":2,\"name\":\"\u00d6\u011fretmenlerimiz\"}]},{\"@type\":\"WebSite\",\"@id\":\"https:\/\/bergische-nachhilfeschule.de\/tr\/#website\",\"url\":\"https:\/\/bergische-nachhilfeschule.de\/tr\/\",\"name\":\"Bergische Nachhilfeschule\",\"description\":\"\",\"publisher\":{\"@id\":\"https:\/\/bergische-nachhilfeschule.de\/tr\/#organization\"},\"potentialAction\":[{\"@type\":\"SearchAction\",\"target\":{\"@type\":\"EntryPoint\",\"urlTemplate\":\"https:\/\/bergische-nachhilfeschule.de\/tr\/?s={search_term_string}\"},\"query-input\":{\"@type\":\"PropertyValueSpecification\",\"valueRequired\":true,\"valueName\":\"search_term_string\"}}],\"inLanguage\":\"tr\"},{\"@type\":\"Organization\",\"@id\":\"https:\/\/bergische-nachhilfeschule.de\/tr\/#organization\",\"name\":\"Bergische Nachhilfeschule\",\"url\":\"https:\/\/bergische-nachhilfeschule.de\/tr\/\",\"logo\":{\"@type\":\"ImageObject\",\"inLanguage\":\"tr\",\"@id\":\"https:\/\/bergische-nachhilfeschule.de\/tr\/#\/schema\/logo\/image\/\",\"url\":\"https:\/\/bergische-nachhilfeschule.de\/wp-content\/uploads\/2024\/07\/BN_Favicon.svg\",\"contentUrl\":\"https:\/\/bergische-nachhilfeschule.de\/wp-content\/uploads\/2024\/07\/BN_Favicon.svg\",\"width\":512,\"height\":512,\"caption\":\"Bergische Nachhilfeschule\"},\"image\":{\"@id\":\"https:\/\/bergische-nachhilfeschule.de\/tr\/#\/schema\/logo\/image\/\"}}]}<\/script>\n<!-- \/ Yoast SEO Premium plugin. -->","yoast_head_json":{"title":"\u00d6\u011fretmenlerimiz - Bergische Nachhilfeschule","robots":{"index":"index","follow":"follow","max-snippet":"max-snippet:-1","max-image-preview":"max-image-preview:large","max-video-preview":"max-video-preview:-1"},"canonical":"https:\/\/bergische-nachhilfeschule.de\/tr\/oegretmenlerimiz\/","og_locale":"tr_TR","og_type":"article","og_title":"\u00d6\u011fretmenlerimiz","og_description":"Tutkuyla \u00f6\u011frenmek \u00d6\u011fretmenlerimiz \u00d6\u011frencilerimizin ba\u015far\u0131l\u0131 olmalar\u0131na yard\u0131mc\u0131 olan \u00f6zverili ve yetkin \u00f6\u011fretmenlerden olu\u015fan ekibimizi tan\u0131y\u0131n. Artan e\u011fitim Sizin i\u00e7in m\u00fckemmel \u00f6\u011fretmeni bulun E\u011fitim sistemini iyile\u015ftirmek isteyen tutkulu e\u011fitim uzmanlar\u0131 Stefan K\u00f6hler Philosophie, Sozialkunde Claudia Fischer Musik, Musiktheorie Michael Wolf Kunst, Kunstgeschichte Dr. Annette Richter Biologie, Umweltwissenschaften Tom Neumann Englisch, Spanisch Sarah Lange Deutsch, Geschichte Markus [&hellip;]","og_url":"https:\/\/bergische-nachhilfeschule.de\/tr\/oegretmenlerimiz\/","og_site_name":"Bergische Nachhilfeschule","article_modified_time":"2024-10-08T15:52:08+00:00","og_image":[{"url":"https:\/\/bergische-nachhilfeschule.de\/wp-content\/uploads\/2023\/12\/online-education-and-self-study-and-homeschooling-2022-06-28-23-44-23-utc-scaled.webp","type":"","width":"","height":""}],"twitter_card":"summary_large_image","schema":{"@context":"https:\/\/schema.org","@graph":[{"@type":"WebPage","@id":"https:\/\/bergische-nachhilfeschule.de\/tr\/oegretmenlerimiz\/","url":"https:\/\/bergische-nachhilfeschule.de\/tr\/oegretmenlerimiz\/","name":"\u00d6\u011fretmenlerimiz - Bergische Nachhilfeschule","isPartOf":{"@id":"https:\/\/bergische-nachhilfeschule.de\/tr\/#website"},"primaryImageOfPage":{"@id":"https:\/\/bergische-nachhilfeschule.de\/tr\/oegretmenlerimiz\/#primaryimage"},"image":{"@id":"https:\/\/bergische-nachhilfeschule.de\/tr\/oegretmenlerimiz\/#primaryimage"},"thumbnailUrl":"https:\/\/bergische-nachhilfeschule.de\/wp-content\/uploads\/2023\/12\/online-education-and-self-study-and-homeschooling-2022-06-28-23-44-23-utc-scaled.webp","datePublished":"2024-01-03T10:34:01+00:00","dateModified":"2024-10-08T15:52:08+00:00","breadcrumb":{"@id":"https:\/\/bergische-nachhilfeschule.de\/tr\/oegretmenlerimiz\/#breadcrumb"},"inLanguage":"tr","potentialAction":[{"@type":"ReadAction","target":["https:\/\/bergische-nachhilfeschule.de\/tr\/oegretmenlerimiz\/"]}]},{"@type":"ImageObject","inLanguage":"tr","@id":"https:\/\/bergische-nachhilfeschule.de\/tr\/oegretmenlerimiz\/#primaryimage","url":"https:\/\/bergische-nachhilfeschule.de\/wp-content\/uploads\/2023\/12\/online-education-and-self-study-and-homeschooling-2022-06-28-23-44-23-utc-scaled.webp","contentUrl":"https:\/\/bergische-nachhilfeschule.de\/wp-content\/uploads\/2023\/12\/online-education-and-self-study-and-homeschooling-2022-06-28-23-44-23-utc-scaled.webp"},{"@type":"BreadcrumbList","@id":"https:\/\/bergische-nachhilfeschule.de\/tr\/oegretmenlerimiz\/#breadcrumb","itemListElement":[{"@type":"ListItem","position":1,"name":"Startseite","item":"https:\/\/bergische-nachhilfeschule.de\/tr\/"},{"@type":"ListItem","position":2,"name":"\u00d6\u011fretmenlerimiz"}]},{"@type":"WebSite","@id":"https:\/\/bergische-nachhilfeschule.de\/tr\/#website","url":"https:\/\/bergische-nachhilfeschule.de\/tr\/","name":"Bergische Nachhilfeschule","description":"","publisher":{"@id":"https:\/\/bergische-nachhilfeschule.de\/tr\/#organization"},"potentialAction":[{"@type":"SearchAction","target":{"@type":"EntryPoint","urlTemplate":"https:\/\/bergische-nachhilfeschule.de\/tr\/?s={search_term_string}"},"query-input":{"@type":"PropertyValueSpecification","valueRequired":true,"valueName":"search_term_string"}}],"inLanguage":"tr"},{"@type":"Organization","@id":"https:\/\/bergische-nachhilfeschule.de\/tr\/#organization","name":"Bergische Nachhilfeschule","url":"https:\/\/bergische-nachhilfeschule.de\/tr\/","logo":{"@type":"ImageObject","inLanguage":"tr","@id":"https:\/\/bergische-nachhilfeschule.de\/tr\/#\/schema\/logo\/image\/","url":"https:\/\/bergische-nachhilfeschule.de\/wp-content\/uploads\/2024\/07\/BN_Favicon.svg","contentUrl":"https:\/\/bergische-nachhilfeschule.de\/wp-content\/uploads\/2024\/07\/BN_Favicon.svg","width":512,"height":512,"caption":"Bergische Nachhilfeschule"},"image":{"@id":"https:\/\/bergische-nachhilfeschule.de\/tr\/#\/schema\/logo\/image\/"}}]}},"_links":{"self":[{"href":"https:\/\/bergische-nachhilfeschule.de\/tr\/wp-json\/wp\/v2\/pages\/5340","targetHints":{"allow":["GET"]}}],"collection":[{"href":"https:\/\/bergische-nachhilfeschule.de\/tr\/wp-json\/wp\/v2\/pages"}],"about":[{"href":"https:\/\/bergische-nachhilfeschule.de\/tr\/wp-json\/wp\/v2\/types\/page"}],"author":[{"embeddable":true,"href":"https:\/\/bergische-nachhilfeschule.de\/tr\/wp-json\/wp\/v2\/users\/152"}],"replies":[{"embeddable":true,"href":"https:\/\/bergische-nachhilfeschule.de\/tr\/wp-json\/wp\/v2\/comments?post=5340"}],"version-history":[{"count":1,"href":"https:\/\/bergische-nachhilfeschule.de\/tr\/wp-json\/wp\/v2\/pages\/5340\/revisions"}],"predecessor-version":[{"id":5341,"href":"https:\/\/bergische-nachhilfeschule.de\/tr\/wp-json\/wp\/v2\/pages\/5340\/revisions\/5341"}],"wp:attachment":[{"href":"https:\/\/bergische-nachhilfeschule.de\/tr\/wp-json\/wp\/v2\/media?parent=5340"}],"curies":[{"name":"wp","href":"https:\/\/api.w.org\/{rel}","templated":true}]}}