{"id":4911,"date":"2024-05-23T14:13:48","date_gmt":"2024-05-23T12:13:48","guid":{"rendered":"https:\/\/bergische-nachhilfeschule.de\/bize-ulasin\/"},"modified":"2024-10-08T17:48:30","modified_gmt":"2024-10-08T15:48:30","slug":"bize-ulasin","status":"publish","type":"page","link":"https:\/\/bergische-nachhilfeschule.de\/tr\/bize-ulasin\/","title":{"rendered":"Bize ula\u015f\u0131n"},"content":{"rendered":"\t\t<div data-elementor-type=\"wp-page\" data-elementor-id=\"4911\" class=\"elementor elementor-4911 elementor-1525\" data-elementor-post-type=\"page\">\n\t\t\t\t<div class=\"elementor-element elementor-element-c7d2a6f elementor-hidden-tablet elementor-hidden-mobile e-flex e-con-boxed e-con e-parent\" data-id=\"c7d2a6f\" data-element_type=\"container\" data-e-type=\"container\" data-settings=\"{&quot;background_background&quot;:&quot;classic&quot;}\">\n\t\t\t\t\t<div class=\"e-con-inner\">\n\t\t<div class=\"elementor-element elementor-element-4ff3175 e-con-full e-flex e-con e-child\" data-id=\"4ff3175\" data-element_type=\"container\" data-e-type=\"container\">\n\t\t\t\t<div class=\"elementor-element elementor-element-96f16d8 elementor-widget elementor-widget-heading\" data-id=\"96f16d8\" data-element_type=\"widget\" data-e-type=\"widget\" data-widget_type=\"heading.default\">\n\t\t\t\t<div class=\"elementor-widget-container\">\n\t\t\t\t\t<h1 class=\"elementor-heading-title elementor-size-default\">Bize ula\u015f\u0131n<\/h1>\t\t\t\t<\/div>\n\t\t\t\t<\/div>\n\t\t\t\t<\/div>\n\t\t\t\t\t<\/div>\n\t\t\t\t<\/div>\n\t\t<div class=\"elementor-element elementor-element-820391d e-flex e-con-boxed e-con e-parent\" data-id=\"820391d\" data-element_type=\"container\" data-e-type=\"container\">\n\t\t\t\t\t<div class=\"e-con-inner\">\n\t\t<div class=\"elementor-element elementor-element-f4d6e7a e-grid e-con-boxed e-con e-child\" data-id=\"f4d6e7a\" data-element_type=\"container\" data-e-type=\"container\">\n\t\t\t\t\t<div class=\"e-con-inner\">\n\t\t<div class=\"elementor-element elementor-element-7a79672 e-con-full e-flex e-con e-child\" data-id=\"7a79672\" data-element_type=\"container\" data-e-type=\"container\">\n\t\t\t\t<div class=\"elementor-element elementor-element-9ae0df2 elementor-widget__width-auto elementor-widget elementor-widget-heading\" data-id=\"9ae0df2\" data-element_type=\"widget\" data-e-type=\"widget\" data-widget_type=\"heading.default\">\n\t\t\t\t<div class=\"elementor-widget-container\">\n\t\t\t\t\t<h2 class=\"elementor-heading-title elementor-size-default\">Hala sorular\u0131n\u0131z m\u0131 var? Bize mesaj b\u0131rak\u0131n! <\/h2>\t\t\t\t<\/div>\n\t\t\t\t<\/div>\n\t\t\t\t<div class=\"elementor-element elementor-element-d5f17f5 elementor-widget elementor-widget-text-editor\" data-id=\"d5f17f5\" data-element_type=\"widget\" data-e-type=\"widget\" data-widget_type=\"text-editor.default\">\n\t\t\t\t<div class=\"elementor-widget-container\">\n\t\t\t\t\t\t\t\t\t<p>Herhangi bir sorunuz mu var? Yard\u0131mc\u0131 olmaktan mutluluk duyar\u0131z &#8211; hi\u00e7bir y\u00fck\u00fcml\u00fcl\u00fck alt\u0131na girmeden bizimle ileti\u015fime ge\u00e7in! Ayr\u0131ca BuT (e\u011fitim ve kat\u0131l\u0131m paketi) veya di\u011fer finansman f\u0131rsatlar\u0131 i\u00e7in ba\u015fvurularda karma\u015f\u0131k olmayan ve \u00fccretsiz yard\u0131m sa\u011fl\u0131yoruz!  <\/p>\n<p>T\u00fcm sorular\u0131n\u0131z\u0131 m\u00fcmk\u00fcn olan en k\u0131sa s\u00fcrede yan\u0131tlamaya \u00e7al\u0131\u015faca\u011f\u0131z.<\/p>\n\t\t\t\t\t\t\t\t<\/div>\n\t\t\t\t<\/div>\n\t\t\t\t<div class=\"elementor-element elementor-element-667a276 footer__contact-form elementor-button-align-stretch elementor-widget elementor-widget-form\" data-id=\"667a276\" data-element_type=\"widget\" data-e-type=\"widget\" data-settings=\"{&quot;step_next_label&quot;:&quot;Sonraki&quot;,&quot;step_previous_label&quot;:&quot;\\u00d6nceki&quot;,&quot;button_width&quot;:&quot;100&quot;,&quot;step_type&quot;:&quot;number_text&quot;,&quot;step_icon_shape&quot;:&quot;circle&quot;}\" data-widget_type=\"form.default\">\n\t\t\t\t<div class=\"elementor-widget-container\">\n\t\t\t\t\t\t\t<form class=\"elementor-form\" method=\"post\" name=\"Altbilgi \u0130leti\u015fim\" aria-label=\"Altbilgi \u0130leti\u015fim\">\n\t\t\t<input type=\"hidden\" name=\"post_id\" value=\"4911\"\/>\n\t\t\t<input type=\"hidden\" name=\"form_id\" value=\"667a276\"\/>\n\t\t\t<input type=\"hidden\" name=\"referer_title\" value=\"Bize ula\u015f\u0131n - Bergische Nachhilfeschule\" \/>\n\n\t\t\t\t\t\t\t<input type=\"hidden\" name=\"queried_id\" value=\"4911\"\/>\n\t\t\t\n\t\t\t<div class=\"elementor-form-fields-wrapper elementor-labels-\">\n\t\t\t\t\t\t\t\t<div class=\"elementor-field-type-text elementor-field-group elementor-column elementor-field-group-name elementor-col-50 elementor-field-required\">\n\t\t\t\t\t\t\t\t\t\t\t\t<label for=\"form-field-name\" class=\"elementor-field-label elementor-screen-only\">\n\t\t\t\t\t\t\t\t\u0130sim\t\t\t\t\t\t\t<\/label>\n\t\t\t\t\t\t\t\t\t\t\t\t\t\t<input size=\"1\" type=\"text\" name=\"form_fields[name]\" id=\"form-field-name\" class=\"elementor-field elementor-size-sm  elementor-field-textual\" placeholder=\"Ad\u0131 ve soyad\u0131\" required=\"required\">\n\t\t\t\t\t\t\t\t\t\t\t<\/div>\n\t\t\t\t\t\t\t\t<div class=\"elementor-field-type-email elementor-field-group elementor-column elementor-field-group-email elementor-col-50 elementor-field-required\">\n\t\t\t\t\t\t\t\t\t\t\t\t<label for=\"form-field-email\" class=\"elementor-field-label elementor-screen-only\">\n\t\t\t\t\t\t\t\te-posta\t\t\t\t\t\t\t<\/label>\n\t\t\t\t\t\t\t\t\t\t\t\t\t\t<input size=\"1\" type=\"email\" name=\"form_fields[email]\" id=\"form-field-email\" class=\"elementor-field elementor-size-sm  elementor-field-textual\" placeholder=\"E-posta adresi\" required=\"required\">\n\t\t\t\t\t\t\t\t\t\t\t<\/div>\n\t\t\t\t\t\t\t\t<div class=\"elementor-field-type-text elementor-field-group elementor-column elementor-field-group-field_2896300 elementor-col-100 elementor-field-required\">\n\t\t\t\t\t\t\t\t\t\t\t\t<label for=\"form-field-field_2896300\" class=\"elementor-field-label elementor-screen-only\">\n\t\t\t\t\t\t\t\tKonu\t\t\t\t\t\t\t<\/label>\n\t\t\t\t\t\t\t\t\t\t\t\t\t\t<input size=\"1\" type=\"text\" name=\"form_fields[field_2896300]\" id=\"form-field-field_2896300\" class=\"elementor-field elementor-size-sm  elementor-field-textual\" placeholder=\"Konu\" required=\"required\">\n\t\t\t\t\t\t\t\t\t\t\t<\/div>\n\t\t\t\t\t\t\t\t<div class=\"elementor-field-type-textarea elementor-field-group elementor-column elementor-field-group-message elementor-col-100\">\n\t\t\t\t\t\t\t\t\t\t\t\t<label for=\"form-field-message\" class=\"elementor-field-label elementor-screen-only\">\n\t\t\t\t\t\t\t\tMesaj\t\t\t\t\t\t\t<\/label>\n\t\t\t\t\t\t<textarea class=\"elementor-field-textual elementor-field  elementor-size-sm\" name=\"form_fields[message]\" id=\"form-field-message\" rows=\"4\" placeholder=\"Mesaj\"><\/textarea>\t\t\t\t<\/div>\n\t\t\t\t\t\t\t\t<div class=\"elementor-field-type-acceptance elementor-field-group elementor-column elementor-field-group-field_2683e35 elementor-col-100 elementor-field-required\">\n\t\t\t\t\t\t\t<div class=\"elementor-field-subgroup\">\n\t\t\t<span class=\"elementor-field-option\">\n\t\t\t\t<input type=\"checkbox\" name=\"form_fields[field_2683e35]\" id=\"form-field-field_2683e35\" class=\"elementor-field elementor-size-sm  elementor-acceptance-field\" required=\"required\" checked=\"checked\">\n\t\t\t\t<label for=\"form-field-field_2683e35\"><a href=\"https:\/\/bergische-nachhilfeschule.de\/datenschutz\">Gizlilik politikas\u0131n\u0131<\/a> okudum ve anlad\u0131m.<\/label>\t\t\t<\/span>\n\t\t<\/div>\n\t\t\t\t\t\t<\/div>\n\t\t\t\t\t\t\t\t<div class=\"elementor-field-group elementor-column elementor-field-type-submit elementor-col-100 e-form__buttons\">\n\t\t\t\t\t<button class=\"elementor-button elementor-size-sm\" type=\"submit\">\n\t\t\t\t\t\t<span class=\"elementor-button-content-wrapper\">\n\t\t\t\t\t\t\t\t\t\t\t\t\t\t\t<span class=\"elementor-button-icon\">\n\t\t\t\t\t\t\t\t\t<svg xmlns=\"http:\/\/www.w3.org\/2000\/svg\" width=\"41\" height=\"40\" viewBox=\"0 0 41 40\" fill=\"none\"><rect x=\"0.5\" width=\"40\" height=\"40\" rx=\"20\" fill=\"white\"><\/rect><path d=\"M11.876 19.8637H29.1238M29.1238 19.8637L23.5 13.623M29.1238 19.8637L23.5 26.377\" stroke=\"#34342F\" stroke-width=\"2\" stroke-linecap=\"round\" stroke-linejoin=\"round\"><\/path><\/svg>\t\t\t\t\t\t\t\t\t\t\t\t\t\t\t\t\t<\/span>\n\t\t\t\t\t\t\t\t\t\t\t\t\t\t\t\t\t\t\t\t\t\t<span class=\"elementor-button-text\">Mesaj g\u00f6nder<\/span>\n\t\t\t\t\t\t\t\t\t\t\t\t\t<\/span>\n\t\t\t\t\t<\/button>\n\t\t\t\t<\/div>\n\t\t\t<\/div>\n\t\t<\/form>\n\t\t\t\t\t\t<\/div>\n\t\t\t\t<\/div>\n\t\t\t\t<\/div>\n\t\t<div class=\"elementor-element elementor-element-3d96300 e-con-full e-flex e-con e-child\" data-id=\"3d96300\" data-element_type=\"container\" data-e-type=\"container\">\n\t\t\t\t<div class=\"elementor-element elementor-element-248a131 elementor-widget__width-inherit elementor-widget elementor-widget-html\" data-id=\"248a131\" data-element_type=\"widget\" data-e-type=\"widget\" data-widget_type=\"html.default\">\n\t\t\t\t<div class=\"elementor-widget-container\">\n\t\t\t\t\t<div id=\"map\" style=\"height:300px;width:100%;border-radius:12px;margin-bottom:12px\"><\/div>\n<a href=\"https:\/\/www.google.com\/maps\/dir\/?api=1&amp;destination=51.2362880,7.1588214\" style=\"text-decoration:underline\">Google Haritalar'daki yol tariflerine<\/a>\t\t\t\t<\/div>\n\t\t\t\t<\/div>\n\t\t\t\t<div class=\"elementor-element elementor-element-d21b011 elementor-widget__width-inherit elementor-widget elementor-widget-text-editor\" data-id=\"d21b011\" data-element_type=\"widget\" data-e-type=\"widget\" data-widget_type=\"text-editor.default\">\n\t\t\t\t<div class=\"elementor-widget-container\">\n\t\t\t\t\t\t\t\t\t<p><strong>Kay\u0131tlar i\u00e7in adres<br \/><\/strong><\/p>\n<p>Barmen ofis<\/p>\n<p>Friedrich-Engels Allee 432<\/p>\n<p>42283 Wuppertal ( 1. kat )<\/p>\n\t\t\t\t\t\t\t\t<\/div>\n\t\t\t\t<\/div>\n\t\t\t\t<div class=\"elementor-element elementor-element-3526916 elementor-widget__width-inherit elementor-widget elementor-widget-text-editor\" data-id=\"3526916\" data-element_type=\"widget\" data-e-type=\"widget\" data-widget_type=\"text-editor.default\">\n\t\t\t\t<div class=\"elementor-widget-container\">\n\t\t\t\t\t\t\t\t\t<p><strong>\u00c7al\u0131\u015fma saatleri<\/strong><span style=\"display: flex; justify-content: space-between;\">Pazartesi &#8211; Cuma: 8:00 &#8211; 17:00<\/span><span style=\"display: flex; justify-content: space-between;\">Cumartesi, Pazar: Kapal\u0131<br \/><\/span><\/p>\n\t\t\t\t\t\t\t\t<\/div>\n\t\t\t\t<\/div>\n\t\t\t\t<div class=\"elementor-element elementor-element-05843d4 elementor-widget__width-inherit elementor-widget elementor-widget-text-editor\" data-id=\"05843d4\" data-element_type=\"widget\" data-e-type=\"widget\" data-widget_type=\"text-editor.default\">\n\t\t\t\t<div class=\"elementor-widget-container\">\n\t\t\t\t\t\t\t\t\t<p><strong>Bilgi<\/strong><\/p>\n<p><span style=\"display: flex; justify-content: space-between;\">Telefon &amp; WhatsApp: <a href=\"tel:+4912109154\">+49 (0) 202 261 58 77 1<\/a><\/span><\/p>\n<p><span style=\"display: flex; justify-content: space-between;\">E<a href=\"mailto:kontakt@bergische-nachhilfeschule.de\">-Mail:i<\/a>nfo@bergische-nachhilfeschule.de<\/span><\/p>\n\t\t\t\t\t\t\t\t<\/div>\n\t\t\t\t<\/div>\n\t\t\t\t<div class=\"elementor-element elementor-element-f9e456b elementor-widget__width-inherit elementor-widget elementor-widget-heading\" data-id=\"f9e456b\" data-element_type=\"widget\" data-e-type=\"widget\" data-widget_type=\"heading.default\">\n\t\t\t\t<div class=\"elementor-widget-container\">\n\t\t\t\t\t<h2 class=\"elementor-heading-title elementor-size-default\">Sosyal Medya<\/h2>\t\t\t\t<\/div>\n\t\t\t\t<\/div>\n\t\t\t\t<div class=\"elementor-element elementor-element-0ea5096 elementor-shape-circle e-grid-align-left elementor-widget__width-inherit elementor-grid-0 elementor-widget elementor-widget-social-icons\" data-id=\"0ea5096\" data-element_type=\"widget\" data-e-type=\"widget\" data-widget_type=\"social-icons.default\">\n\t\t\t\t<div class=\"elementor-widget-container\">\n\t\t\t\t\t\t\t<div class=\"elementor-social-icons-wrapper elementor-grid\" role=\"list\">\n\t\t\t\t\t\t\t<span class=\"elementor-grid-item\" role=\"listitem\">\n\t\t\t\t\t<a class=\"elementor-icon elementor-social-icon elementor-social-icon-facebook elementor-repeater-item-a04d0bc\" target=\"_blank\">\n\t\t\t\t\t\t<span class=\"elementor-screen-only\">Facebook<\/span>\n\t\t\t\t\t\t<svg aria-hidden=\"true\" class=\"e-font-icon-svg e-fab-facebook\" viewBox=\"0 0 512 512\" xmlns=\"http:\/\/www.w3.org\/2000\/svg\"><path d=\"M504 256C504 119 393 8 256 8S8 119 8 256c0 123.78 90.69 226.38 209.25 245V327.69h-63V256h63v-54.64c0-62.15 37-96.48 93.67-96.48 27.14 0 55.52 4.84 55.52 4.84v61h-31.28c-30.8 0-40.41 19.12-40.41 38.73V256h68.78l-11 71.69h-57.78V501C413.31 482.38 504 379.78 504 256z\"><\/path><\/svg>\t\t\t\t\t<\/a>\n\t\t\t\t<\/span>\n\t\t\t\t\t\t\t<span class=\"elementor-grid-item\" role=\"listitem\">\n\t\t\t\t\t<a class=\"elementor-icon elementor-social-icon elementor-social-icon-twitter elementor-repeater-item-5ebc597\" target=\"_blank\">\n\t\t\t\t\t\t<span class=\"elementor-screen-only\">Twitter<\/span>\n\t\t\t\t\t\t<svg aria-hidden=\"true\" class=\"e-font-icon-svg e-fab-twitter\" viewBox=\"0 0 512 512\" xmlns=\"http:\/\/www.w3.org\/2000\/svg\"><path d=\"M459.37 151.716c.325 4.548.325 9.097.325 13.645 0 138.72-105.583 298.558-298.558 298.558-59.452 0-114.68-17.219-161.137-47.106 8.447.974 16.568 1.299 25.34 1.299 49.055 0 94.213-16.568 130.274-44.832-46.132-.975-84.792-31.188-98.112-72.772 6.498.974 12.995 1.624 19.818 1.624 9.421 0 18.843-1.3 27.614-3.573-48.081-9.747-84.143-51.98-84.143-102.985v-1.299c13.969 7.797 30.214 12.67 47.431 13.319-28.264-18.843-46.781-51.005-46.781-87.391 0-19.492 5.197-37.36 14.294-52.954 51.655 63.675 129.3 105.258 216.365 109.807-1.624-7.797-2.599-15.918-2.599-24.04 0-57.828 46.782-104.934 104.934-104.934 30.213 0 57.502 12.67 76.67 33.137 23.715-4.548 46.456-13.32 66.599-25.34-7.798 24.366-24.366 44.833-46.132 57.827 21.117-2.273 41.584-8.122 60.426-16.243-14.292 20.791-32.161 39.308-52.628 54.253z\"><\/path><\/svg>\t\t\t\t\t<\/a>\n\t\t\t\t<\/span>\n\t\t\t\t\t\t\t<span class=\"elementor-grid-item\" role=\"listitem\">\n\t\t\t\t\t<a class=\"elementor-icon elementor-social-icon elementor-social-icon-instagram elementor-repeater-item-9cc0fe5\" target=\"_blank\">\n\t\t\t\t\t\t<span class=\"elementor-screen-only\">Instagram<\/span>\n\t\t\t\t\t\t<svg aria-hidden=\"true\" class=\"e-font-icon-svg e-fab-instagram\" viewBox=\"0 0 448 512\" xmlns=\"http:\/\/www.w3.org\/2000\/svg\"><path d=\"M224.1 141c-63.6 0-114.9 51.3-114.9 114.9s51.3 114.9 114.9 114.9S339 319.5 339 255.9 287.7 141 224.1 141zm0 189.6c-41.1 0-74.7-33.5-74.7-74.7s33.5-74.7 74.7-74.7 74.7 33.5 74.7 74.7-33.6 74.7-74.7 74.7zm146.4-194.3c0 14.9-12 26.8-26.8 26.8-14.9 0-26.8-12-26.8-26.8s12-26.8 26.8-26.8 26.8 12 26.8 26.8zm76.1 27.2c-1.7-35.9-9.9-67.7-36.2-93.9-26.2-26.2-58-34.4-93.9-36.2-37-2.1-147.9-2.1-184.9 0-35.8 1.7-67.6 9.9-93.9 36.1s-34.4 58-36.2 93.9c-2.1 37-2.1 147.9 0 184.9 1.7 35.9 9.9 67.7 36.2 93.9s58 34.4 93.9 36.2c37 2.1 147.9 2.1 184.9 0 35.9-1.7 67.7-9.9 93.9-36.2 26.2-26.2 34.4-58 36.2-93.9 2.1-37 2.1-147.8 0-184.8zM398.8 388c-7.8 19.6-22.9 34.7-42.6 42.6-29.5 11.7-99.5 9-132.1 9s-102.7 2.6-132.1-9c-19.6-7.8-34.7-22.9-42.6-42.6-11.7-29.5-9-99.5-9-132.1s-2.6-102.7 9-132.1c7.8-19.6 22.9-34.7 42.6-42.6 29.5-11.7 99.5-9 132.1-9s102.7-2.6 132.1 9c19.6 7.8 34.7 22.9 42.6 42.6 11.7 29.5 9 99.5 9 132.1s2.7 102.7-9 132.1z\"><\/path><\/svg>\t\t\t\t\t<\/a>\n\t\t\t\t<\/span>\n\t\t\t\t\t<\/div>\n\t\t\t\t\t\t<\/div>\n\t\t\t\t<\/div>\n\t\t\t\t<\/div>\n\t\t\t\t\t<\/div>\n\t\t\t\t<\/div>\n\t\t\t\t\t<\/div>\n\t\t\t\t<\/div>\n\t\t\t\t<\/div>\n\t\t","protected":false},"excerpt":{"rendered":"<p>Bize ula\u015f\u0131n Hala sorular\u0131n\u0131z m\u0131 var? Bize mesaj b\u0131rak\u0131n! Herhangi bir sorunuz mu var? Yard\u0131mc\u0131 olmaktan mutluluk duyar\u0131z &#8211; hi\u00e7bir y\u00fck\u00fcml\u00fcl\u00fck alt\u0131na girmeden bizimle ileti\u015fime ge\u00e7in! Ayr\u0131ca BuT (e\u011fitim ve kat\u0131l\u0131m paketi) veya di\u011fer finansman f\u0131rsatlar\u0131 i\u00e7in ba\u015fvurularda karma\u015f\u0131k olmayan ve \u00fccretsiz yard\u0131m sa\u011fl\u0131yoruz! T\u00fcm sorular\u0131n\u0131z\u0131 m\u00fcmk\u00fcn olan en k\u0131sa s\u00fcrede yan\u0131tlamaya \u00e7al\u0131\u015faca\u011f\u0131z. Google Haritalar&#8217;daki [&hellip;]<\/p>\n","protected":false},"author":152,"featured_media":0,"parent":0,"menu_order":0,"comment_status":"closed","ping_status":"closed","template":"","meta":{"_acf_changed":false,"footnotes":""},"class_list":["post-4911","page","type-page","status-publish","hentry"],"acf":[],"yoast_head":"<!-- This site is optimized with the Yoast SEO Premium plugin v25.9 (Yoast SEO v25.9) - https:\/\/yoast.com\/wordpress\/plugins\/seo\/ -->\n<title>Bize ula\u015f\u0131n - Bergische Nachhilfeschule<\/title>\n<meta name=\"robots\" content=\"index, follow, max-snippet:-1, max-image-preview:large, max-video-preview:-1\" \/>\n<link rel=\"canonical\" href=\"https:\/\/bergische-nachhilfeschule.de\/tr\/bize-ulasin\/\" \/>\n<meta property=\"og:locale\" content=\"tr_TR\" \/>\n<meta property=\"og:type\" content=\"article\" \/>\n<meta property=\"og:title\" content=\"Bize ula\u015f\u0131n\" \/>\n<meta property=\"og:description\" content=\"Bize ula\u015f\u0131n Hala sorular\u0131n\u0131z m\u0131 var? Bize mesaj b\u0131rak\u0131n! Herhangi bir sorunuz mu var? Yard\u0131mc\u0131 olmaktan mutluluk duyar\u0131z &#8211; hi\u00e7bir y\u00fck\u00fcml\u00fcl\u00fck alt\u0131na girmeden bizimle ileti\u015fime ge\u00e7in! Ayr\u0131ca BuT (e\u011fitim ve kat\u0131l\u0131m paketi) veya di\u011fer finansman f\u0131rsatlar\u0131 i\u00e7in ba\u015fvurularda karma\u015f\u0131k olmayan ve \u00fccretsiz yard\u0131m sa\u011fl\u0131yoruz! T\u00fcm sorular\u0131n\u0131z\u0131 m\u00fcmk\u00fcn olan en k\u0131sa s\u00fcrede yan\u0131tlamaya \u00e7al\u0131\u015faca\u011f\u0131z. Google Haritalar&#8217;daki [&hellip;]\" \/>\n<meta property=\"og:url\" content=\"https:\/\/bergische-nachhilfeschule.de\/tr\/bize-ulasin\/\" \/>\n<meta property=\"og:site_name\" content=\"Bergische Nachhilfeschule\" \/>\n<meta property=\"article:modified_time\" content=\"2024-10-08T15:48:30+00:00\" \/>\n<meta name=\"twitter:card\" content=\"summary_large_image\" \/>\n<meta name=\"twitter:label1\" content=\"Tahmini okuma s\u00fcresi\" \/>\n\t<meta name=\"twitter:data1\" content=\"1 dakika\" \/>\n<script type=\"application\/ld+json\" class=\"yoast-schema-graph\">{\"@context\":\"https:\/\/schema.org\",\"@graph\":[{\"@type\":\"WebPage\",\"@id\":\"https:\/\/bergische-nachhilfeschule.de\/tr\/bize-ulasin\/\",\"url\":\"https:\/\/bergische-nachhilfeschule.de\/tr\/bize-ulasin\/\",\"name\":\"Bize ula\u015f\u0131n - Bergische Nachhilfeschule\",\"isPartOf\":{\"@id\":\"https:\/\/bergische-nachhilfeschule.de\/tr\/#website\"},\"datePublished\":\"2024-05-23T12:13:48+00:00\",\"dateModified\":\"2024-10-08T15:48:30+00:00\",\"breadcrumb\":{\"@id\":\"https:\/\/bergische-nachhilfeschule.de\/tr\/bize-ulasin\/#breadcrumb\"},\"inLanguage\":\"tr\",\"potentialAction\":[{\"@type\":\"ReadAction\",\"target\":[\"https:\/\/bergische-nachhilfeschule.de\/tr\/bize-ulasin\/\"]}]},{\"@type\":\"BreadcrumbList\",\"@id\":\"https:\/\/bergische-nachhilfeschule.de\/tr\/bize-ulasin\/#breadcrumb\",\"itemListElement\":[{\"@type\":\"ListItem\",\"position\":1,\"name\":\"Startseite\",\"item\":\"https:\/\/bergische-nachhilfeschule.de\/tr\/\"},{\"@type\":\"ListItem\",\"position\":2,\"name\":\"Bize ula\u015f\u0131n\"}]},{\"@type\":\"WebSite\",\"@id\":\"https:\/\/bergische-nachhilfeschule.de\/tr\/#website\",\"url\":\"https:\/\/bergische-nachhilfeschule.de\/tr\/\",\"name\":\"Bergische Nachhilfeschule\",\"description\":\"\",\"publisher\":{\"@id\":\"https:\/\/bergische-nachhilfeschule.de\/tr\/#organization\"},\"potentialAction\":[{\"@type\":\"SearchAction\",\"target\":{\"@type\":\"EntryPoint\",\"urlTemplate\":\"https:\/\/bergische-nachhilfeschule.de\/tr\/?s={search_term_string}\"},\"query-input\":{\"@type\":\"PropertyValueSpecification\",\"valueRequired\":true,\"valueName\":\"search_term_string\"}}],\"inLanguage\":\"tr\"},{\"@type\":\"Organization\",\"@id\":\"https:\/\/bergische-nachhilfeschule.de\/tr\/#organization\",\"name\":\"Bergische Nachhilfeschule\",\"url\":\"https:\/\/bergische-nachhilfeschule.de\/tr\/\",\"logo\":{\"@type\":\"ImageObject\",\"inLanguage\":\"tr\",\"@id\":\"https:\/\/bergische-nachhilfeschule.de\/tr\/#\/schema\/logo\/image\/\",\"url\":\"https:\/\/bergische-nachhilfeschule.de\/wp-content\/uploads\/2024\/07\/BN_Favicon.svg\",\"contentUrl\":\"https:\/\/bergische-nachhilfeschule.de\/wp-content\/uploads\/2024\/07\/BN_Favicon.svg\",\"width\":512,\"height\":512,\"caption\":\"Bergische Nachhilfeschule\"},\"image\":{\"@id\":\"https:\/\/bergische-nachhilfeschule.de\/tr\/#\/schema\/logo\/image\/\"}}]}<\/script>\n<!-- \/ Yoast SEO Premium plugin. -->","yoast_head_json":{"title":"Bize ula\u015f\u0131n - Bergische Nachhilfeschule","robots":{"index":"index","follow":"follow","max-snippet":"max-snippet:-1","max-image-preview":"max-image-preview:large","max-video-preview":"max-video-preview:-1"},"canonical":"https:\/\/bergische-nachhilfeschule.de\/tr\/bize-ulasin\/","og_locale":"tr_TR","og_type":"article","og_title":"Bize ula\u015f\u0131n","og_description":"Bize ula\u015f\u0131n Hala sorular\u0131n\u0131z m\u0131 var? Bize mesaj b\u0131rak\u0131n! Herhangi bir sorunuz mu var? Yard\u0131mc\u0131 olmaktan mutluluk duyar\u0131z &#8211; hi\u00e7bir y\u00fck\u00fcml\u00fcl\u00fck alt\u0131na girmeden bizimle ileti\u015fime ge\u00e7in! Ayr\u0131ca BuT (e\u011fitim ve kat\u0131l\u0131m paketi) veya di\u011fer finansman f\u0131rsatlar\u0131 i\u00e7in ba\u015fvurularda karma\u015f\u0131k olmayan ve \u00fccretsiz yard\u0131m sa\u011fl\u0131yoruz! T\u00fcm sorular\u0131n\u0131z\u0131 m\u00fcmk\u00fcn olan en k\u0131sa s\u00fcrede yan\u0131tlamaya \u00e7al\u0131\u015faca\u011f\u0131z. Google Haritalar&#8217;daki [&hellip;]","og_url":"https:\/\/bergische-nachhilfeschule.de\/tr\/bize-ulasin\/","og_site_name":"Bergische Nachhilfeschule","article_modified_time":"2024-10-08T15:48:30+00:00","twitter_card":"summary_large_image","twitter_misc":{"Tahmini okuma s\u00fcresi":"1 dakika"},"schema":{"@context":"https:\/\/schema.org","@graph":[{"@type":"WebPage","@id":"https:\/\/bergische-nachhilfeschule.de\/tr\/bize-ulasin\/","url":"https:\/\/bergische-nachhilfeschule.de\/tr\/bize-ulasin\/","name":"Bize ula\u015f\u0131n - Bergische Nachhilfeschule","isPartOf":{"@id":"https:\/\/bergische-nachhilfeschule.de\/tr\/#website"},"datePublished":"2024-05-23T12:13:48+00:00","dateModified":"2024-10-08T15:48:30+00:00","breadcrumb":{"@id":"https:\/\/bergische-nachhilfeschule.de\/tr\/bize-ulasin\/#breadcrumb"},"inLanguage":"tr","potentialAction":[{"@type":"ReadAction","target":["https:\/\/bergische-nachhilfeschule.de\/tr\/bize-ulasin\/"]}]},{"@type":"BreadcrumbList","@id":"https:\/\/bergische-nachhilfeschule.de\/tr\/bize-ulasin\/#breadcrumb","itemListElement":[{"@type":"ListItem","position":1,"name":"Startseite","item":"https:\/\/bergische-nachhilfeschule.de\/tr\/"},{"@type":"ListItem","position":2,"name":"Bize ula\u015f\u0131n"}]},{"@type":"WebSite","@id":"https:\/\/bergische-nachhilfeschule.de\/tr\/#website","url":"https:\/\/bergische-nachhilfeschule.de\/tr\/","name":"Bergische Nachhilfeschule","description":"","publisher":{"@id":"https:\/\/bergische-nachhilfeschule.de\/tr\/#organization"},"potentialAction":[{"@type":"SearchAction","target":{"@type":"EntryPoint","urlTemplate":"https:\/\/bergische-nachhilfeschule.de\/tr\/?s={search_term_string}"},"query-input":{"@type":"PropertyValueSpecification","valueRequired":true,"valueName":"search_term_string"}}],"inLanguage":"tr"},{"@type":"Organization","@id":"https:\/\/bergische-nachhilfeschule.de\/tr\/#organization","name":"Bergische Nachhilfeschule","url":"https:\/\/bergische-nachhilfeschule.de\/tr\/","logo":{"@type":"ImageObject","inLanguage":"tr","@id":"https:\/\/bergische-nachhilfeschule.de\/tr\/#\/schema\/logo\/image\/","url":"https:\/\/bergische-nachhilfeschule.de\/wp-content\/uploads\/2024\/07\/BN_Favicon.svg","contentUrl":"https:\/\/bergische-nachhilfeschule.de\/wp-content\/uploads\/2024\/07\/BN_Favicon.svg","width":512,"height":512,"caption":"Bergische Nachhilfeschule"},"image":{"@id":"https:\/\/bergische-nachhilfeschule.de\/tr\/#\/schema\/logo\/image\/"}}]}},"_links":{"self":[{"href":"https:\/\/bergische-nachhilfeschule.de\/tr\/wp-json\/wp\/v2\/pages\/4911","targetHints":{"allow":["GET"]}}],"collection":[{"href":"https:\/\/bergische-nachhilfeschule.de\/tr\/wp-json\/wp\/v2\/pages"}],"about":[{"href":"https:\/\/bergische-nachhilfeschule.de\/tr\/wp-json\/wp\/v2\/types\/page"}],"author":[{"embeddable":true,"href":"https:\/\/bergische-nachhilfeschule.de\/tr\/wp-json\/wp\/v2\/users\/152"}],"replies":[{"embeddable":true,"href":"https:\/\/bergische-nachhilfeschule.de\/tr\/wp-json\/wp\/v2\/comments?post=4911"}],"version-history":[{"count":2,"href":"https:\/\/bergische-nachhilfeschule.de\/tr\/wp-json\/wp\/v2\/pages\/4911\/revisions"}],"predecessor-version":[{"id":4916,"href":"https:\/\/bergische-nachhilfeschule.de\/tr\/wp-json\/wp\/v2\/pages\/4911\/revisions\/4916"}],"wp:attachment":[{"href":"https:\/\/bergische-nachhilfeschule.de\/tr\/wp-json\/wp\/v2\/media?parent=4911"}],"curies":[{"name":"wp","href":"https:\/\/api.w.org\/{rel}","templated":true}]}}