{"id":5542,"date":"2023-10-13T14:18:58","date_gmt":"2023-10-13T12:18:58","guid":{"rendered":"https:\/\/bergische-nachhilfeschule.de\/pie-de-imprenta\/"},"modified":"2024-10-09T11:56:20","modified_gmt":"2024-10-09T09:56:20","slug":"pie-de-imprenta","status":"publish","type":"page","link":"https:\/\/bergische-nachhilfeschule.de\/es\/pie-de-imprenta\/","title":{"rendered":"Pie de imprenta"},"content":{"rendered":"\t\t<div data-elementor-type=\"wp-page\" data-elementor-id=\"5542\" class=\"elementor elementor-5542 elementor-197\" data-elementor-post-type=\"page\">\n\t\t\t\t<div class=\"elementor-element elementor-element-e42c25f e-flex e-con-boxed e-con e-parent\" data-id=\"e42c25f\" data-element_type=\"container\" data-e-type=\"container\" data-settings=\"{&quot;background_background&quot;:&quot;classic&quot;}\">\n\t\t\t\t\t<div class=\"e-con-inner\">\n\t\t\t\t<div class=\"elementor-element elementor-element-cd4e10e elementor-widget elementor-widget-heading\" data-id=\"cd4e10e\" data-element_type=\"widget\" data-e-type=\"widget\" data-widget_type=\"heading.default\">\n\t\t\t\t<div class=\"elementor-widget-container\">\n\t\t\t\t\t<h1 class=\"elementor-heading-title elementor-size-default\">Pie de imprenta<\/h1>\t\t\t\t<\/div>\n\t\t\t\t<\/div>\n\t\t\t\t\t<\/div>\n\t\t\t\t<\/div>\n\t\t<div class=\"elementor-element elementor-element-9e0fd1c e-flex e-con-boxed e-con e-parent\" data-id=\"9e0fd1c\" data-element_type=\"container\" data-e-type=\"container\">\n\t\t\t\t\t<div class=\"e-con-inner\">\n\t\t\t\t<div class=\"elementor-element elementor-element-4975c35 elementor-widget elementor-widget-text-editor\" data-id=\"4975c35\" data-element_type=\"widget\" data-e-type=\"widget\" data-widget_type=\"text-editor.default\">\n\t\t\t\t<div class=\"elementor-widget-container\">\n\t\t\t\t\t\t\t\t\t<p><strong>Informaci\u00f3n seg\u00fan \u00a7 5 TMG<\/strong><\/p>\n<p>A continuaci\u00f3n encontrar\u00e1s la informaci\u00f3n legalmente requerida sobre el proveedor de este sitio web.<\/p>\n<p>IEC &#8211; International Education Centres GmbH Lise-Meitner-Stra\u00dfe 5-9 42119 Wuppertal<\/p>\n<p>Registro mercantil: HRB 26351 Tribunal de registro: Juzgado de Primera Instancia de Wuppertal<\/p>\n<p>R<strong>epresentada por:<\/strong> Yasemin Sahin Matem\u00e1tica comercial diplomada \/ profesora de alem\u00e1n como lengua extranjera <\/p>\n<p>P\u00f3ngase en contacto con<\/p>\n<p>Tel\u00e9fono: 0202 &#8211; 261 58 770 Fax: 0202 &#8211; 261 58 779 Correo electr\u00f3nico:<a href=\"mailto:info@internationaleducationcenters.de\">info@internationaleducationcenters.de<\/a><\/p>\n<p><strong>Resoluci\u00f3n de conflictos<\/strong><\/p>\n<p>La Comisi\u00f3n Europea ofrece una plataforma para la resoluci\u00f3n de litigios en l\u00ednea (OS): <a href=\"https:\/\/ec.europa.eu\/consumers\/odr\">https:<\/a>\/ <a href=\"https:\/\/ec.europa.eu\/consumers\/odr\">\/ec.europa.eu\/consumers\/odr<\/a>. Puedes encontrar nuestra direcci\u00f3n de correo electr\u00f3nico en el aviso legal anterior.<\/p>\n<p>No estamos dispuestos ni obligados a participar en procedimientos de resoluci\u00f3n de litigios ante una junta de arbitraje de consumo.<\/p>\n<p><strong>Responsabilidad por el contenido<\/strong><\/p>\n<p>Como proveedor de servicios, somos responsables de nuestro propio contenido en estas p\u00e1ginas de acuerdo con el art\u00edculo 7 (1) de la TMG (Ley alemana de Telemedios) y la legislaci\u00f3n general. Sin embargo, seg\u00fan los \u00a7\u00a7 8 a 10 de la TMG, como proveedor de servicios no estamos obligados a controlar la informaci\u00f3n de terceros transmitida o almacenada, ni a investigar circunstancias que indiquen una actividad ilegal.  <\/p>\n<p>Esto no afecta a las obligaciones de eliminar o bloquear el uso de informaci\u00f3n de acuerdo con la legislaci\u00f3n general. Sin embargo, la responsabilidad a este respecto s\u00f3lo ser\u00e1 posible a partir del momento en que tengamos conocimiento de una infracci\u00f3n concreta. Tan pronto como tengamos conocimiento de tales infracciones, eliminaremos este contenido inmediatamente.  <\/p>\n<p><strong>Responsabilidad de los enlaces<\/strong><\/p>\n<p>Nuestro sitio web contiene enlaces a sitios web externos de terceros sobre cuyo contenido no tenemos ninguna influencia. Por lo tanto, no podemos aceptar ninguna responsabilidad por este contenido de terceros. El respectivo proveedor u operador de las p\u00e1ginas es siempre responsable del contenido de las p\u00e1ginas enlazadas. Las p\u00e1ginas enlazadas se comprobaron en el momento de enlazarlas para detectar posibles infracciones legales. No se reconocieron contenidos ilegales en el momento de establecer el enlace.    <\/p>\n<p>Sin embargo, la supervisi\u00f3n permanente del contenido de las p\u00e1ginas enlazadas no es razonable sin pruebas concretas de una infracci\u00f3n. Si tenemos conocimiento de alguna infracci\u00f3n legal, eliminaremos dichos enlaces inmediatamente. <\/p>\n<p><strong>Derechos de autor<\/strong><\/p>\n<p>El contenido y las obras creadas por los operadores del sitio en estas p\u00e1ginas est\u00e1n sujetos a la legislaci\u00f3n alemana sobre derechos de autor. La duplicaci\u00f3n, procesamiento, distribuci\u00f3n y cualquier tipo de utilizaci\u00f3n fuera de los l\u00edmites de la ley de derechos de autor requieren el consentimiento por escrito del autor o creador respectivo. Las descargas y copias de este sitio s\u00f3lo est\u00e1n permitidas para uso privado y no comercial.  <\/p>\n<p>En la medida en que el contenido de este sitio no haya sido creado por el operador, se respetan los derechos de autor de terceros. En particular, el contenido de terceros est\u00e1 etiquetado como tal. No obstante, si tienes conocimiento de una infracci\u00f3n de los derechos de autor, inf\u00f3rmanos al respecto. Si tenemos conocimiento de alguna infracci\u00f3n, eliminaremos dicho contenido inmediatamente.   <\/p>\n\t\t\t\t\t\t\t\t<\/div>\n\t\t\t\t<\/div>\n\t\t\t\t\t<\/div>\n\t\t\t\t<\/div>\n\t\t\t\t<\/div>\n\t\t","protected":false},"excerpt":{"rendered":"<p>Pie de imprenta Informaci\u00f3n seg\u00fan \u00a7 5 TMG A continuaci\u00f3n encontrar\u00e1s la informaci\u00f3n legalmente requerida sobre el proveedor de este sitio web. IEC &#8211; International Education Centres GmbH Lise-Meitner-Stra\u00dfe 5-9 42119 Wuppertal Registro mercantil: HRB 26351 Tribunal de registro: Juzgado de Primera Instancia de Wuppertal Representada por: Yasemin Sahin Matem\u00e1tica comercial diplomada \/ profesora de [&hellip;]<\/p>\n","protected":false},"author":152,"featured_media":0,"parent":0,"menu_order":0,"comment_status":"closed","ping_status":"closed","template":"","meta":{"_acf_changed":false,"footnotes":""},"class_list":["post-5542","page","type-page","status-publish","hentry"],"acf":[],"yoast_head":"<!-- This site is optimized with the Yoast SEO Premium plugin v25.9 (Yoast SEO v25.9) - https:\/\/yoast.com\/wordpress\/plugins\/seo\/ -->\n<title>Pie de imprenta - Bergische Nachhilfeschule<\/title>\n<meta name=\"robots\" content=\"index, follow, max-snippet:-1, max-image-preview:large, max-video-preview:-1\" \/>\n<link rel=\"canonical\" href=\"https:\/\/bergische-nachhilfeschule.de\/es\/pie-de-imprenta\/\" \/>\n<meta property=\"og:locale\" content=\"es_ES\" \/>\n<meta property=\"og:type\" content=\"article\" \/>\n<meta property=\"og:title\" content=\"Pie de imprenta\" \/>\n<meta property=\"og:description\" content=\"Pie de imprenta Informaci\u00f3n seg\u00fan \u00a7 5 TMG A continuaci\u00f3n encontrar\u00e1s la informaci\u00f3n legalmente requerida sobre el proveedor de este sitio web. IEC &#8211; International Education Centres GmbH Lise-Meitner-Stra\u00dfe 5-9 42119 Wuppertal Registro mercantil: HRB 26351 Tribunal de registro: Juzgado de Primera Instancia de Wuppertal Representada por: Yasemin Sahin Matem\u00e1tica comercial diplomada \/ profesora de [&hellip;]\" \/>\n<meta property=\"og:url\" content=\"https:\/\/bergische-nachhilfeschule.de\/es\/pie-de-imprenta\/\" \/>\n<meta property=\"og:site_name\" content=\"Bergische Nachhilfeschule\" \/>\n<meta property=\"article:modified_time\" content=\"2024-10-09T09:56:20+00:00\" \/>\n<meta name=\"twitter:card\" content=\"summary_large_image\" \/>\n<meta name=\"twitter:label1\" content=\"Tiempo de lectura\" \/>\n\t<meta name=\"twitter:data1\" content=\"3 minutos\" \/>\n<script type=\"application\/ld+json\" class=\"yoast-schema-graph\">{\"@context\":\"https:\/\/schema.org\",\"@graph\":[{\"@type\":\"WebPage\",\"@id\":\"https:\/\/bergische-nachhilfeschule.de\/es\/pie-de-imprenta\/\",\"url\":\"https:\/\/bergische-nachhilfeschule.de\/es\/pie-de-imprenta\/\",\"name\":\"Pie de imprenta - Bergische Nachhilfeschule\",\"isPartOf\":{\"@id\":\"https:\/\/bergische-nachhilfeschule.de\/es\/#website\"},\"datePublished\":\"2023-10-13T12:18:58+00:00\",\"dateModified\":\"2024-10-09T09:56:20+00:00\",\"breadcrumb\":{\"@id\":\"https:\/\/bergische-nachhilfeschule.de\/es\/pie-de-imprenta\/#breadcrumb\"},\"inLanguage\":\"es\",\"potentialAction\":[{\"@type\":\"ReadAction\",\"target\":[\"https:\/\/bergische-nachhilfeschule.de\/es\/pie-de-imprenta\/\"]}]},{\"@type\":\"BreadcrumbList\",\"@id\":\"https:\/\/bergische-nachhilfeschule.de\/es\/pie-de-imprenta\/#breadcrumb\",\"itemListElement\":[{\"@type\":\"ListItem\",\"position\":1,\"name\":\"Startseite\",\"item\":\"https:\/\/bergische-nachhilfeschule.de\/es\/\"},{\"@type\":\"ListItem\",\"position\":2,\"name\":\"Pie de imprenta\"}]},{\"@type\":\"WebSite\",\"@id\":\"https:\/\/bergische-nachhilfeschule.de\/es\/#website\",\"url\":\"https:\/\/bergische-nachhilfeschule.de\/es\/\",\"name\":\"Bergische Nachhilfeschule\",\"description\":\"\",\"publisher\":{\"@id\":\"https:\/\/bergische-nachhilfeschule.de\/es\/#organization\"},\"potentialAction\":[{\"@type\":\"SearchAction\",\"target\":{\"@type\":\"EntryPoint\",\"urlTemplate\":\"https:\/\/bergische-nachhilfeschule.de\/es\/?s={search_term_string}\"},\"query-input\":{\"@type\":\"PropertyValueSpecification\",\"valueRequired\":true,\"valueName\":\"search_term_string\"}}],\"inLanguage\":\"es\"},{\"@type\":\"Organization\",\"@id\":\"https:\/\/bergische-nachhilfeschule.de\/es\/#organization\",\"name\":\"Bergische Nachhilfeschule\",\"url\":\"https:\/\/bergische-nachhilfeschule.de\/es\/\",\"logo\":{\"@type\":\"ImageObject\",\"inLanguage\":\"es\",\"@id\":\"https:\/\/bergische-nachhilfeschule.de\/es\/#\/schema\/logo\/image\/\",\"url\":\"https:\/\/bergische-nachhilfeschule.de\/wp-content\/uploads\/2024\/07\/BN_Favicon.svg\",\"contentUrl\":\"https:\/\/bergische-nachhilfeschule.de\/wp-content\/uploads\/2024\/07\/BN_Favicon.svg\",\"width\":512,\"height\":512,\"caption\":\"Bergische Nachhilfeschule\"},\"image\":{\"@id\":\"https:\/\/bergische-nachhilfeschule.de\/es\/#\/schema\/logo\/image\/\"}}]}<\/script>\n<!-- \/ Yoast SEO Premium plugin. -->","yoast_head_json":{"title":"Pie de imprenta - Bergische Nachhilfeschule","robots":{"index":"index","follow":"follow","max-snippet":"max-snippet:-1","max-image-preview":"max-image-preview:large","max-video-preview":"max-video-preview:-1"},"canonical":"https:\/\/bergische-nachhilfeschule.de\/es\/pie-de-imprenta\/","og_locale":"es_ES","og_type":"article","og_title":"Pie de imprenta","og_description":"Pie de imprenta Informaci\u00f3n seg\u00fan \u00a7 5 TMG A continuaci\u00f3n encontrar\u00e1s la informaci\u00f3n legalmente requerida sobre el proveedor de este sitio web. IEC &#8211; International Education Centres GmbH Lise-Meitner-Stra\u00dfe 5-9 42119 Wuppertal Registro mercantil: HRB 26351 Tribunal de registro: Juzgado de Primera Instancia de Wuppertal Representada por: Yasemin Sahin Matem\u00e1tica comercial diplomada \/ profesora de [&hellip;]","og_url":"https:\/\/bergische-nachhilfeschule.de\/es\/pie-de-imprenta\/","og_site_name":"Bergische Nachhilfeschule","article_modified_time":"2024-10-09T09:56:20+00:00","twitter_card":"summary_large_image","twitter_misc":{"Tiempo de lectura":"3 minutos"},"schema":{"@context":"https:\/\/schema.org","@graph":[{"@type":"WebPage","@id":"https:\/\/bergische-nachhilfeschule.de\/es\/pie-de-imprenta\/","url":"https:\/\/bergische-nachhilfeschule.de\/es\/pie-de-imprenta\/","name":"Pie de imprenta - Bergische Nachhilfeschule","isPartOf":{"@id":"https:\/\/bergische-nachhilfeschule.de\/es\/#website"},"datePublished":"2023-10-13T12:18:58+00:00","dateModified":"2024-10-09T09:56:20+00:00","breadcrumb":{"@id":"https:\/\/bergische-nachhilfeschule.de\/es\/pie-de-imprenta\/#breadcrumb"},"inLanguage":"es","potentialAction":[{"@type":"ReadAction","target":["https:\/\/bergische-nachhilfeschule.de\/es\/pie-de-imprenta\/"]}]},{"@type":"BreadcrumbList","@id":"https:\/\/bergische-nachhilfeschule.de\/es\/pie-de-imprenta\/#breadcrumb","itemListElement":[{"@type":"ListItem","position":1,"name":"Startseite","item":"https:\/\/bergische-nachhilfeschule.de\/es\/"},{"@type":"ListItem","position":2,"name":"Pie de imprenta"}]},{"@type":"WebSite","@id":"https:\/\/bergische-nachhilfeschule.de\/es\/#website","url":"https:\/\/bergische-nachhilfeschule.de\/es\/","name":"Bergische Nachhilfeschule","description":"","publisher":{"@id":"https:\/\/bergische-nachhilfeschule.de\/es\/#organization"},"potentialAction":[{"@type":"SearchAction","target":{"@type":"EntryPoint","urlTemplate":"https:\/\/bergische-nachhilfeschule.de\/es\/?s={search_term_string}"},"query-input":{"@type":"PropertyValueSpecification","valueRequired":true,"valueName":"search_term_string"}}],"inLanguage":"es"},{"@type":"Organization","@id":"https:\/\/bergische-nachhilfeschule.de\/es\/#organization","name":"Bergische Nachhilfeschule","url":"https:\/\/bergische-nachhilfeschule.de\/es\/","logo":{"@type":"ImageObject","inLanguage":"es","@id":"https:\/\/bergische-nachhilfeschule.de\/es\/#\/schema\/logo\/image\/","url":"https:\/\/bergische-nachhilfeschule.de\/wp-content\/uploads\/2024\/07\/BN_Favicon.svg","contentUrl":"https:\/\/bergische-nachhilfeschule.de\/wp-content\/uploads\/2024\/07\/BN_Favicon.svg","width":512,"height":512,"caption":"Bergische Nachhilfeschule"},"image":{"@id":"https:\/\/bergische-nachhilfeschule.de\/es\/#\/schema\/logo\/image\/"}}]}},"_links":{"self":[{"href":"https:\/\/bergische-nachhilfeschule.de\/es\/wp-json\/wp\/v2\/pages\/5542","targetHints":{"allow":["GET"]}}],"collection":[{"href":"https:\/\/bergische-nachhilfeschule.de\/es\/wp-json\/wp\/v2\/pages"}],"about":[{"href":"https:\/\/bergische-nachhilfeschule.de\/es\/wp-json\/wp\/v2\/types\/page"}],"author":[{"embeddable":true,"href":"https:\/\/bergische-nachhilfeschule.de\/es\/wp-json\/wp\/v2\/users\/152"}],"replies":[{"embeddable":true,"href":"https:\/\/bergische-nachhilfeschule.de\/es\/wp-json\/wp\/v2\/comments?post=5542"}],"version-history":[{"count":1,"href":"https:\/\/bergische-nachhilfeschule.de\/es\/wp-json\/wp\/v2\/pages\/5542\/revisions"}],"predecessor-version":[{"id":5544,"href":"https:\/\/bergische-nachhilfeschule.de\/es\/wp-json\/wp\/v2\/pages\/5542\/revisions\/5544"}],"wp:attachment":[{"href":"https:\/\/bergische-nachhilfeschule.de\/es\/wp-json\/wp\/v2\/media?parent=5542"}],"curies":[{"name":"wp","href":"https:\/\/api.w.org\/{rel}","templated":true}]}}